{"id":607,"date":"2017-01-25T17:44:09","date_gmt":"2017-01-25T17:44:09","guid":{"rendered":"http:\/\/ecloudagency.com\/?page_id=607"},"modified":"2026-01-20T11:17:56","modified_gmt":"2026-01-20T10:17:56","slug":"si-lo-quiero","status":"publish","type":"page","link":"https:\/\/pujolclima.com\/ca\/si-lo-quiero\/","title":{"rendered":"S\u00ed, ho vull"},"content":{"rendered":"<style>.kb-row-layout-id607_af01fc-f2 > .kt-row-column-wrap{align-content:center;}:where(.kb-row-layout-id607_af01fc-f2 > .kt-row-column-wrap) > .wp-block-kadence-column{justify-content:center;}.kb-row-layout-id607_af01fc-f2 > .kt-row-column-wrap{column-gap:var(--global-kb-gap-md, 2rem);row-gap:var(--global-kb-gap-md, 2rem);max-width:var( --global-content-width, 1290px );padding-left:var(--global-content-edge-padding);padding-right:var(--global-content-edge-padding);padding-top:var(--global-kb-spacing-xl, 4rem);padding-bottom:var(--global-kb-spacing-xl, 4rem);min-height:360px;grid-template-columns:minmax(0, 2fr) minmax(0, 1fr);}.kb-row-layout-id607_af01fc-f2{background-image:linear-gradient(135deg,var(--global-palette1) 0%,var(--global-palette2) 100%);}.kb-row-layout-id607_af01fc-f2 > .kt-row-layout-overlay{opacity:0.00;background:linear-gradient(135deg,var(--global-palette1) 0%,var(--global-palette1) 23%,var(--global-palette2) 100%);mix-blend-mode:normal;}.kb-row-layout-id607_af01fc-f2 ,.kb-row-layout-id607_af01fc-f2 h1,.kb-row-layout-id607_af01fc-f2 h2,.kb-row-layout-id607_af01fc-f2 h3,.kb-row-layout-id607_af01fc-f2 h4,.kb-row-layout-id607_af01fc-f2 h5,.kb-row-layout-id607_af01fc-f2 h6{color:var(--global-palette9, #ffffff);}@media all and (max-width: 1024px){.kb-row-layout-id607_af01fc-f2 > .kt-row-column-wrap{grid-template-columns:minmax(0, 2fr) minmax(0, 1fr);}}@media all and (max-width: 767px){.kb-row-layout-id607_af01fc-f2 > .kt-row-column-wrap{grid-template-columns:minmax(0, 1fr);}}<\/style><div class=\"kb-row-layout-wrap kb-row-layout-id607_af01fc-f2 alignnone kt-row-has-bg wp-block-kadence-rowlayout\"><div class=\"kt-row-layout-overlay kt-row-overlay-gradient\"><\/div><div class=\"kt-row-column-wrap kt-has-2-columns kt-row-layout-left-golden kt-tab-layout-inherit kt-mobile-layout-row kt-row-valign-middle kb-theme-content-width\">\n<style>.kadence-column607_f049de-57 > .kt-inside-inner-col,.kadence-column607_f049de-57 > .kt-inside-inner-col:before{border-top-left-radius:0px;border-top-right-radius:0px;border-bottom-right-radius:0px;border-bottom-left-radius:0px;}.kadence-column607_f049de-57 > .kt-inside-inner-col{column-gap:var(--global-kb-gap-sm, 1rem);}.kadence-column607_f049de-57 > .kt-inside-inner-col{flex-direction:column;}.kadence-column607_f049de-57 > .kt-inside-inner-col > .aligncenter{width:100%;}.kadence-column607_f049de-57 > .kt-inside-inner-col:before{opacity:0.3;}.kadence-column607_f049de-57{position:relative;}@media all and (max-width: 1024px){.kadence-column607_f049de-57 > .kt-inside-inner-col{flex-direction:column;justify-content:center;}}@media all and (max-width: 767px){.kadence-column607_f049de-57 > .kt-inside-inner-col{flex-direction:column;justify-content:center;}}<\/style>\n<div class=\"wp-block-kadence-column kadence-column607_f049de-57\"><div class=\"kt-inside-inner-col\"><style>.wp-block-kadence-advancedheading.kt-adv-heading607_59cbab-c7, .wp-block-kadence-advancedheading.kt-adv-heading607_59cbab-c7[data-kb-block=\"kb-adv-heading607_59cbab-c7\"]{font-size:var(--global-kb-font-size-xl, 3rem);font-style:normal;}.wp-block-kadence-advancedheading.kt-adv-heading607_59cbab-c7 mark.kt-highlight, .wp-block-kadence-advancedheading.kt-adv-heading607_59cbab-c7[data-kb-block=\"kb-adv-heading607_59cbab-c7\"] mark.kt-highlight{font-style:normal;color:#f76a0c;-webkit-box-decoration-break:clone;box-decoration-break:clone;padding-top:0px;padding-right:0px;padding-bottom:0px;padding-left:0px;}.wp-block-kadence-advancedheading.kt-adv-heading607_59cbab-c7 img.kb-inline-image, .wp-block-kadence-advancedheading.kt-adv-heading607_59cbab-c7[data-kb-block=\"kb-adv-heading607_59cbab-c7\"] img.kb-inline-image{width:150px;vertical-align:baseline;}<\/style>\n<h1 class=\"kt-adv-heading607_59cbab-c7 wp-block-kadence-advancedheading\" data-kb-block=\"kb-adv-heading607_59cbab-c7\">Si, lo quiero<\/h1>\n\n\n<style>.wp-block-kadence-advancedheading.kt-adv-heading607_19242e-53, .wp-block-kadence-advancedheading.kt-adv-heading607_19242e-53[data-kb-block=\"kb-adv-heading607_19242e-53\"]{font-size:var(--global-kb-font-size-md, 1.25rem);font-style:normal;}.wp-block-kadence-advancedheading.kt-adv-heading607_19242e-53 mark.kt-highlight, .wp-block-kadence-advancedheading.kt-adv-heading607_19242e-53[data-kb-block=\"kb-adv-heading607_19242e-53\"] mark.kt-highlight{font-style:normal;color:#f76a0c;-webkit-box-decoration-break:clone;box-decoration-break:clone;padding-top:0px;padding-right:0px;padding-bottom:0px;padding-left:0px;}.wp-block-kadence-advancedheading.kt-adv-heading607_19242e-53 img.kb-inline-image, .wp-block-kadence-advancedheading.kt-adv-heading607_19242e-53[data-kb-block=\"kb-adv-heading607_19242e-53\"] img.kb-inline-image{width:150px;vertical-align:baseline;}<\/style>\n<p class=\"kt-adv-heading607_19242e-53 wp-block-kadence-advancedheading\" data-kb-block=\"kb-adv-heading607_19242e-53\">Especialistas en mantenimiento e instalaciones energ\u00e9ticas, aire acondicionado, suelo radiante y sistemas de aerotermia<\/p>\n<\/div><\/div>\n\n\n<style>.kadence-column607_eb3285-d8 > .kt-inside-inner-col,.kadence-column607_eb3285-d8 > .kt-inside-inner-col:before{border-top-left-radius:0px;border-top-right-radius:0px;border-bottom-right-radius:0px;border-bottom-left-radius:0px;}.kadence-column607_eb3285-d8 > .kt-inside-inner-col{column-gap:var(--global-kb-gap-sm, 1rem);}.kadence-column607_eb3285-d8 > .kt-inside-inner-col{flex-direction:column;}.kadence-column607_eb3285-d8 > .kt-inside-inner-col > .aligncenter{width:100%;}.kadence-column607_eb3285-d8 > .kt-inside-inner-col:before{opacity:0.3;}.kadence-column607_eb3285-d8{position:relative;}@media all and (max-width: 1024px){.kadence-column607_eb3285-d8 > .kt-inside-inner-col{flex-direction:column;justify-content:center;}}@media all and (max-width: 767px){.kadence-column607_eb3285-d8 > .kt-inside-inner-col{flex-direction:column;justify-content:center;}}<\/style>\n<div class=\"wp-block-kadence-column kadence-column607_eb3285-d8\"><div class=\"kt-inside-inner-col\"><style>.wp-block-kadence-advancedbtn.kb-btns4181_f35948-8f{gap:var(--global-kb-gap-xs, 0.5rem );flex-direction:column;align-items:center;justify-content:center;}.kt-btns4181_f35948-8f .kt-button{font-weight:normal;font-style:normal;}.kt-btns4181_f35948-8f .kt-btn-wrap-0{margin-right:5px;}.wp-block-kadence-advancedbtn.kt-btns4181_f35948-8f .kt-btn-wrap-0 .kt-button{color:#555555;border-color:#555555;}.wp-block-kadence-advancedbtn.kt-btns4181_f35948-8f .kt-btn-wrap-0 .kt-button:hover, .wp-block-kadence-advancedbtn.kt-btns4181_f35948-8f .kt-btn-wrap-0 .kt-button:focus{color:#ffffff;border-color:#444444;}.wp-block-kadence-advancedbtn.kt-btns4181_f35948-8f .kt-btn-wrap-0 .kt-button::before{display:none;}.wp-block-kadence-advancedbtn.kt-btns4181_f35948-8f .kt-btn-wrap-0 .kt-button:hover, .wp-block-kadence-advancedbtn.kt-btns4181_f35948-8f .kt-btn-wrap-0 .kt-button:focus{background:#444444;}<\/style>\n<div class=\"wp-block-kadence-advancedbtn kb-buttons-wrap kb-btns4181_f35948-8f\"><style>.wp-block-kadence-advancedbtn .kb-btn4181_b06e4c-01.kb-button, ul.menu .wp-block-kadence-advancedbtn .kb-btn4181_b06e4c-01.kb-button{width:260px;}.wp-block-kadence-advancedbtn .kb-btn4181_b06e4c-01.kb-button{color:var(--global-palette1, #3182CE);background:var(--global-palette9, #ffffff);font-weight:600;border-top-left-radius:50px;border-top-right-radius:50px;border-bottom-right-radius:50px;border-bottom-left-radius:50px;border-top:2px solid var(--global-palette9, #ffffff);border-right:2px solid var(--global-palette9, #ffffff);border-bottom:2px solid var(--global-palette9, #ffffff);border-left:2px solid var(--global-palette9, #ffffff);}.wp-block-kadence-advancedbtn .kb-btn4181_b06e4c-01.kb-button:hover, .wp-block-kadence-advancedbtn .kb-btn4181_b06e4c-01.kb-button:focus{color:var(--global-palette9, #ffffff);background:var(--global-palette1, #3182CE);}@media all and (max-width: 1024px){.wp-block-kadence-advancedbtn .kb-btn4181_b06e4c-01.kb-button{border-top:2px solid var(--global-palette9, #ffffff);border-right:2px solid var(--global-palette9, #ffffff);border-bottom:2px solid var(--global-palette9, #ffffff);border-left:2px solid var(--global-palette9, #ffffff);}}@media all and (max-width: 767px){.wp-block-kadence-advancedbtn .kb-btn4181_b06e4c-01.kb-button{border-top:2px solid var(--global-palette9, #ffffff);border-right:2px solid var(--global-palette9, #ffffff);border-bottom:2px solid var(--global-palette9, #ffffff);border-left:2px solid var(--global-palette9, #ffffff);}}<\/style><a class=\"kb-button kt-button button kb-btn4181_b06e4c-01 kt-btn-size-standard kt-btn-width-type-fixed kb-btn-global-inherit  kt-btn-has-text-true kt-btn-has-svg-true  wp-block-button__link wp-block-kadence-singlebtn\" href=\"tel:937272428\"><span class=\"kb-svg-icon-wrap kb-svg-icon-fe_phoneCall kt-btn-icon-side-left\"><svg viewBox=\"0 0 24 24\"  fill=\"none\" stroke=\"currentColor\" stroke-width=\"2\" stroke-linecap=\"round\" stroke-linejoin=\"round\" xmlns=\"http:\/\/www.w3.org\/2000\/svg\"  aria-hidden=\"true\"><path d=\"M15.05 5A5 5 0 0 1 19 8.95M15.05 1A9 9 0 0 1 23 8.94m-1 7.98v3a2 2 0 0 1-2.18 2 19.79 19.79 0 0 1-8.63-3.07 19.5 19.5 0 0 1-6-6 19.79 19.79 0 0 1-3.07-8.67A2 2 0 0 1 4.11 2h3a2 2 0 0 1 2 1.72 12.84 12.84 0 0 0 .7 2.81 2 2 0 0 1-.45 2.11L8.09 9.91a16 16 0 0 0 6 6l1.27-1.27a2 2 0 0 1 2.11-.45 12.84 12.84 0 0 0 2.81.7A2 2 0 0 1 22 16.92z\"\/><\/svg><\/span><span class=\"kt-btn-inner-text\">93 727 24 28<\/span><\/a>\n\n<style>.wp-block-kadence-advancedbtn .kb-btn4181_2d1c80-99.kb-button, ul.menu .wp-block-kadence-advancedbtn .kb-btn4181_2d1c80-99.kb-button{width:260px;}.wp-block-kadence-advancedbtn .kb-btn4181_2d1c80-99.kb-button{color:var(--global-palette1, #3182CE);background:var(--global-palette9, #ffffff);font-weight:600;border-top-left-radius:50px;border-top-right-radius:50px;border-bottom-right-radius:50px;border-bottom-left-radius:50px;border-top:2px solid var(--global-palette9, #ffffff);border-right:2px solid var(--global-palette9, #ffffff);border-bottom:2px solid var(--global-palette9, #ffffff);border-left:2px solid var(--global-palette9, #ffffff);}.wp-block-kadence-advancedbtn .kb-btn4181_2d1c80-99.kb-button:hover, .wp-block-kadence-advancedbtn .kb-btn4181_2d1c80-99.kb-button:focus{color:var(--global-palette9, #ffffff);background:var(--global-palette1, #3182CE);}@media all and (max-width: 1024px){.wp-block-kadence-advancedbtn .kb-btn4181_2d1c80-99.kb-button{border-top:2px solid var(--global-palette9, #ffffff);border-right:2px solid var(--global-palette9, #ffffff);border-bottom:2px solid var(--global-palette9, #ffffff);border-left:2px solid var(--global-palette9, #ffffff);}}@media all and (max-width: 767px){.wp-block-kadence-advancedbtn .kb-btn4181_2d1c80-99.kb-button{border-top:2px solid var(--global-palette9, #ffffff);border-right:2px solid var(--global-palette9, #ffffff);border-bottom:2px solid var(--global-palette9, #ffffff);border-left:2px solid var(--global-palette9, #ffffff);}}<\/style><a class=\"kb-button kt-button button kb-btn4181_2d1c80-99 kt-btn-size-standard kt-btn-width-type-fixed kb-btn-global-inherit  kt-btn-has-text-true kt-btn-has-svg-true  wp-block-button__link wp-block-kadence-singlebtn\" href=\"tel:664582238\"><span class=\"kb-svg-icon-wrap kb-svg-icon-fa_whatsapp kt-btn-icon-side-left\"><svg viewBox=\"0 0 448 512\"  fill=\"currentColor\" xmlns=\"http:\/\/www.w3.org\/2000\/svg\"  aria-hidden=\"true\"><path d=\"M380.9 97.1C339 55.1 283.2 32 223.9 32c-122.4 0-222 99.6-222 222 0 39.1 10.2 77.3 29.6 111L0 480l117.7-30.9c32.4 17.7 68.9 27 106.1 27h.1c122.3 0 224.1-99.6 224.1-222 0-59.3-25.2-115-67.1-157zm-157 341.6c-33.2 0-65.7-8.9-94-25.7l-6.7-4-69.8 18.3L72 359.2l-4.4-7c-18.5-29.4-28.2-63.3-28.2-98.2 0-101.7 82.8-184.5 184.6-184.5 49.3 0 95.6 19.2 130.4 54.1 34.8 34.9 56.2 81.2 56.1 130.5 0 101.8-84.9 184.6-186.6 184.6zm101.2-138.2c-5.5-2.8-32.8-16.2-37.9-18-5.1-1.9-8.8-2.8-12.5 2.8-3.7 5.6-14.3 18-17.6 21.8-3.2 3.7-6.5 4.2-12 1.4-32.6-16.3-54-29.1-75.5-66-5.7-9.8 5.7-9.1 16.3-30.3 1.8-3.7.9-6.9-.5-9.7-1.4-2.8-12.5-30.1-17.1-41.2-4.5-10.8-9.1-9.3-12.5-9.5-3.2-.2-6.9-.2-10.6-.2-3.7 0-9.7 1.4-14.8 6.9-5.1 5.6-19.4 19-19.4 46.3 0 27.3 19.9 53.7 22.6 57.4 2.8 3.7 39.1 59.7 94.8 83.8 35.2 15.2 49 16.5 66.6 13.9 10.7-1.6 32.8-13.4 37.4-26.4 4.6-13 4.6-24.1 3.2-26.4-1.3-2.5-5-3.9-10.5-6.6z\"\/><\/svg><\/span><span class=\"kt-btn-inner-text\">664 58 22 38<\/span><\/a><\/div>\n<\/div><\/div>\n\n<\/div><\/div>\n\n<style>.kb-row-layout-id607_0a3bfe-d0 > .kt-row-column-wrap{align-content:start;}:where(.kb-row-layout-id607_0a3bfe-d0 > .kt-row-column-wrap) > .wp-block-kadence-column{justify-content:start;}.kb-row-layout-id607_0a3bfe-d0 > .kt-row-column-wrap{column-gap:var(--global-kb-gap-md, 2rem);row-gap:var(--global-kb-gap-md, 2rem);padding-top:0px;padding-right:0px;padding-bottom:0px;padding-left:0px;grid-template-columns:minmax(0, 1fr);}.kb-row-layout-id607_0a3bfe-d0{border-top:0px solid var(--global-palette9, #ffffff);}.kb-row-layout-id607_0a3bfe-d0 > .kt-row-layout-overlay{opacity:0.30;}@media all and (max-width: 1024px){.kb-row-layout-id607_0a3bfe-d0 > .kt-row-column-wrap{grid-template-columns:minmax(0, 1fr);}}@media all and (max-width: 1024px){.kb-row-layout-id607_0a3bfe-d0{border-top:0px solid var(--global-palette9, #ffffff);}}@media all and (max-width: 767px){.kb-row-layout-id607_0a3bfe-d0 > .kt-row-column-wrap{grid-template-columns:minmax(0, 1fr);}.kb-row-layout-id607_0a3bfe-d0{border-top:0px solid var(--global-palette9, #ffffff);}}<\/style><div class=\"kb-row-layout-wrap kb-row-layout-id607_0a3bfe-d0 alignnone has-theme-palette5-background-color kt-row-has-bg wp-block-kadence-rowlayout\"><div class=\"kt-row-column-wrap kt-has-1-columns kt-row-layout-equal kt-tab-layout-inherit kt-mobile-layout-row kt-row-valign-top\">\n<style>.kadence-column607_dac893-35 > .kt-inside-inner-col,.kadence-column607_dac893-35 > .kt-inside-inner-col:before{border-top-left-radius:0px;border-top-right-radius:0px;border-bottom-right-radius:0px;border-bottom-left-radius:0px;}.kadence-column607_dac893-35 > .kt-inside-inner-col{column-gap:var(--global-kb-gap-sm, 1rem);}.kadence-column607_dac893-35 > .kt-inside-inner-col{flex-direction:column;}.kadence-column607_dac893-35 > .kt-inside-inner-col > .aligncenter{width:100%;}.kadence-column607_dac893-35 > .kt-inside-inner-col:before{opacity:0.3;}.kadence-column607_dac893-35{position:relative;}@media all and (max-width: 1024px){.kadence-column607_dac893-35 > .kt-inside-inner-col{flex-direction:column;justify-content:center;}}@media all and (max-width: 767px){.kadence-column607_dac893-35 > .kt-inside-inner-col{flex-direction:column;justify-content:center;}}<\/style>\n<div class=\"wp-block-kadence-column kadence-column607_dac893-35\"><div class=\"kt-inside-inner-col\">\n<div class=\"wp-block-online-valles-repeat-text-block track-mark\" style=\"background-color:transparent;color:#fff;text-transform:uppercase;font-size:16px;line-height:40px;height:40px;transform:translateX(0px)\"><div class=\"track\" style=\"position:absolute;white-space:nowrap;will-change:transform;animation:track-mark 50s linear infinite\"><style>\n                @keyframes track-mark-invert {\n                    0% {\n                        transform: translateX(-50%);\n                    }\n                    100% {\n                        transform: translateX(0);\n                    }\n                }\n            <\/style><div class=\"track-content\"><span>Sabadell \u00b7 Terrassa \u00b7 Cerdanyola \u00b7 Granollers \u00b7 Barber\u00e0 \u00b7 Sant Cugat \u00b7 Manresa \u00b7 Rub\u00ed \u00b7 Sentmenat \u00b7 Poliny\u00e0 \u00b7 <\/span><span>Sabadell \u00b7 Terrassa \u00b7 Cerdanyola \u00b7 Granollers \u00b7 Barber\u00e0 \u00b7 Sant Cugat \u00b7 Manresa \u00b7 Rub\u00ed \u00b7 Sentmenat \u00b7 Poliny\u00e0 \u00b7 <\/span><span>Sabadell \u00b7 Terrassa \u00b7 Cerdanyola \u00b7 Granollers \u00b7 Barber\u00e0 \u00b7 Sant Cugat \u00b7 Manresa \u00b7 Rub\u00ed \u00b7 Sentmenat \u00b7 Poliny\u00e0 \u00b7 <\/span><span>Sabadell \u00b7 Terrassa \u00b7 Cerdanyola \u00b7 Granollers \u00b7 Barber\u00e0 \u00b7 Sant Cugat \u00b7 Manresa \u00b7 Rub\u00ed \u00b7 Sentmenat \u00b7 Poliny\u00e0 \u00b7 <\/span><span>Sabadell \u00b7 Terrassa \u00b7 Cerdanyola \u00b7 Granollers \u00b7 Barber\u00e0 \u00b7 Sant Cugat \u00b7 Manresa \u00b7 Rub\u00ed \u00b7 Sentmenat \u00b7 Poliny\u00e0 \u00b7 <\/span><span>Sabadell \u00b7 Terrassa \u00b7 Cerdanyola \u00b7 Granollers \u00b7 Barber\u00e0 \u00b7 Sant Cugat \u00b7 Manresa \u00b7 Rub\u00ed \u00b7 Sentmenat \u00b7 Poliny\u00e0 \u00b7 <\/span><span>Sabadell \u00b7 Terrassa \u00b7 Cerdanyola \u00b7 Granollers \u00b7 Barber\u00e0 \u00b7 Sant Cugat \u00b7 Manresa \u00b7 Rub\u00ed \u00b7 Sentmenat \u00b7 Poliny\u00e0 \u00b7 <\/span><span>Sabadell \u00b7 Terrassa \u00b7 Cerdanyola \u00b7 Granollers \u00b7 Barber\u00e0 \u00b7 Sant Cugat \u00b7 Manresa \u00b7 Rub\u00ed \u00b7 Sentmenat \u00b7 Poliny\u00e0 \u00b7 <\/span><span>Sabadell \u00b7 Terrassa \u00b7 Cerdanyola \u00b7 Granollers \u00b7 Barber\u00e0 \u00b7 Sant Cugat \u00b7 Manresa \u00b7 Rub\u00ed \u00b7 Sentmenat \u00b7 Poliny\u00e0 \u00b7 <\/span><span>Sabadell \u00b7 Terrassa \u00b7 Cerdanyola \u00b7 Granollers \u00b7 Barber\u00e0 \u00b7 Sant Cugat \u00b7 Manresa \u00b7 Rub\u00ed \u00b7 Sentmenat \u00b7 Poliny\u00e0 \u00b7 <\/span><\/div><\/div><\/div>\n<\/div><\/div>\n\n<\/div><\/div>\n\n<style>.kb-row-layout-id607_2217b4-9d > .kt-row-column-wrap{align-content:start;}:where(.kb-row-layout-id607_2217b4-9d > .kt-row-column-wrap) > .wp-block-kadence-column{justify-content:start;}.kb-row-layout-id607_2217b4-9d > .kt-row-column-wrap{column-gap:var(--global-kb-gap-lg, 4rem);row-gap:var(--global-kb-gap-md, 2rem);max-width:700px;margin-left:auto;margin-right:auto;padding-top:var(--global-kb-spacing-xxl, 5rem);padding-bottom:var(--global-kb-spacing-xxl, 5rem);grid-template-columns:minmax(0, 1fr);}.kb-row-layout-id607_2217b4-9d{border-top:0px solid var(--global-palette1, #3182CE);border-bottom:0px solid var(--global-palette1, #3182CE);}.kb-row-layout-id607_2217b4-9d > .kt-row-layout-overlay{opacity:0.30;}@media all and (max-width: 1024px){.kb-row-layout-id607_2217b4-9d > .kt-row-column-wrap{grid-template-columns:minmax(0, 1fr);}}@media all and (max-width: 1024px){.kb-row-layout-id607_2217b4-9d{border-top:0px solid var(--global-palette1, #3182CE);border-bottom:0px solid var(--global-palette1, #3182CE);}}@media all and (max-width: 767px){.kb-row-layout-id607_2217b4-9d > .kt-row-column-wrap{grid-template-columns:minmax(0, 1fr);}.kb-row-layout-id607_2217b4-9d{border-top:0px solid var(--global-palette1, #3182CE);border-bottom:0px solid var(--global-palette1, #3182CE);}}<\/style><div class=\"kb-row-layout-wrap kb-row-layout-id607_2217b4-9d alignnone kt-row-has-bg wp-block-kadence-rowlayout\"><div class=\"kt-row-column-wrap kt-has-1-columns kt-row-layout-equal kt-tab-layout-inherit kt-mobile-layout-row kt-row-valign-top\">\n<style>.kadence-column607_e8cc8a-a7 > .kt-inside-inner-col,.kadence-column607_e8cc8a-a7 > .kt-inside-inner-col:before{border-top-left-radius:0px;border-top-right-radius:0px;border-bottom-right-radius:0px;border-bottom-left-radius:0px;}.kadence-column607_e8cc8a-a7 > .kt-inside-inner-col{column-gap:var(--global-kb-gap-sm, 1rem);}.kadence-column607_e8cc8a-a7 > .kt-inside-inner-col{flex-direction:column;}.kadence-column607_e8cc8a-a7 > .kt-inside-inner-col > .aligncenter{width:100%;}.kadence-column607_e8cc8a-a7 > .kt-inside-inner-col:before{opacity:0.3;}.kadence-column607_e8cc8a-a7{position:relative;}@media all and (max-width: 1024px){.kadence-column607_e8cc8a-a7 > .kt-inside-inner-col{flex-direction:column;justify-content:center;}}@media all and (max-width: 767px){.kadence-column607_e8cc8a-a7 > .kt-inside-inner-col{flex-direction:column;justify-content:center;}}<\/style>\n<div class=\"wp-block-kadence-column kadence-column607_e8cc8a-a7\"><div class=\"kt-inside-inner-col\"><style>.wp-block-kadence-advancedheading.kt-adv-heading607_9c5552-64, .wp-block-kadence-advancedheading.kt-adv-heading607_9c5552-64[data-kb-block=\"kb-adv-heading607_9c5552-64\"]{text-align:center;font-style:normal;}.wp-block-kadence-advancedheading.kt-adv-heading607_9c5552-64 mark.kt-highlight, .wp-block-kadence-advancedheading.kt-adv-heading607_9c5552-64[data-kb-block=\"kb-adv-heading607_9c5552-64\"] mark.kt-highlight{font-style:normal;color:#f76a0c;-webkit-box-decoration-break:clone;box-decoration-break:clone;padding-top:0px;padding-right:0px;padding-bottom:0px;padding-left:0px;}.wp-block-kadence-advancedheading.kt-adv-heading607_9c5552-64 img.kb-inline-image, .wp-block-kadence-advancedheading.kt-adv-heading607_9c5552-64[data-kb-block=\"kb-adv-heading607_9c5552-64\"] img.kb-inline-image{width:150px;vertical-align:baseline;}<\/style>\n<h2 class=\"kt-adv-heading607_9c5552-64 wp-block-kadence-advancedheading has-theme-palette-1-color has-text-color\" data-kb-block=\"kb-adv-heading607_9c5552-64\">\u00a1D\u00e9janos tus datos! y un t\u00e9cnico especializado se pondr\u00e1 en contacto contigo<\/h2>\n\n\n\n<p class=\"has-text-align-center\">Rellene el siguiente formulario y uno de nuestros t\u00e9cnicos se pondr\u00e1 en contacto para asesorarle<\/p>\n<\/div><\/div>\n\n<\/div><\/div>","protected":false},"excerpt":{"rendered":"<p>S\u00ed, ho vull Especialistes en manteniment i instal\u00b7lacions energ\u00e8tiques, aire condicionat, terra radiant i sistemes d&#039;aerot\u00e8rmia Deixa&#039;ns les teves dades! i un t\u00e8cnic especialitzat es posar\u00e0 en contacte amb tu Ompli el seg\u00fcent formulari i un dels nostres t\u00e8cnics es posar\u00e0 en contacte per assessorar-lo<\/p>","protected":false},"author":2,"featured_media":0,"parent":0,"menu_order":73,"comment_status":"closed","ping_status":"closed","template":"","meta":{"_kad_blocks_custom_css":"","_kad_blocks_head_custom_js":"","_kad_blocks_body_custom_js":"","_kad_blocks_footer_custom_js":"","_kadence_starter_templates_imported_post":false,"_kad_post_transparent":"","_kad_post_title":"hide","_kad_post_layout":"fullwidth","_kad_post_sidebar_id":"","_kad_post_content_style":"unboxed","_kad_post_vertical_padding":"","_kad_post_feature":"","_kad_post_feature_position":"","_kad_post_header":false,"_kad_post_footer":false,"_joinchat":[],"footnotes":""},"class_list":["post-607","page","type-page","status-publish","hentry"],"aioseo_notices":[],"taxonomy_info":[],"featured_image_src_large":false,"author_info":{"display_name":"soporte","author_link":"https:\/\/pujolclima.com\/ca\/author\/soporte\/"},"comment_info":0,"_links":{"self":[{"href":"https:\/\/pujolclima.com\/ca\/wp-json\/wp\/v2\/pages\/607","targetHints":{"allow":["GET"]}}],"collection":[{"href":"https:\/\/pujolclima.com\/ca\/wp-json\/wp\/v2\/pages"}],"about":[{"href":"https:\/\/pujolclima.com\/ca\/wp-json\/wp\/v2\/types\/page"}],"author":[{"embeddable":true,"href":"https:\/\/pujolclima.com\/ca\/wp-json\/wp\/v2\/users\/2"}],"replies":[{"embeddable":true,"href":"https:\/\/pujolclima.com\/ca\/wp-json\/wp\/v2\/comments?post=607"}],"version-history":[{"count":1,"href":"https:\/\/pujolclima.com\/ca\/wp-json\/wp\/v2\/pages\/607\/revisions"}],"predecessor-version":[{"id":5861,"href":"https:\/\/pujolclima.com\/ca\/wp-json\/wp\/v2\/pages\/607\/revisions\/5861"}],"wp:attachment":[{"href":"https:\/\/pujolclima.com\/ca\/wp-json\/wp\/v2\/media?parent=607"}],"curies":[{"name":"wp","href":"https:\/\/api.w.org\/{rel}","templated":true}]}}