{"id":957,"date":"2017-03-07T11:38:28","date_gmt":"2017-03-07T11:38:28","guid":{"rendered":"http:\/\/ecloudagency.com\/?page_id=957"},"modified":"2024-06-13T09:38:24","modified_gmt":"2024-06-13T07:38:24","slug":"industrial","status":"publish","type":"page","link":"https:\/\/pujolclima.com\/ca\/industrial\/","title":{"rendered":"Industrial"},"content":{"rendered":"<style>.kb-row-layout-id957_648fdf-48 > .kt-row-column-wrap{align-content:start;}:where(.kb-row-layout-id957_648fdf-48 > .kt-row-column-wrap) > .wp-block-kadence-column{justify-content:start;}.kb-row-layout-id957_648fdf-48 > .kt-row-column-wrap{column-gap:var(--global-kb-gap-md, 2rem);row-gap:var(--global-kb-gap-md, 2rem);max-width:var( --global-content-width, 1290px );padding-left:var(--global-content-edge-padding);padding-right:var(--global-content-edge-padding);padding-top:var(--global-kb-spacing-xxl, 5rem);padding-bottom:var(--global-kb-spacing-xxl, 5rem);grid-template-columns:minmax(0, 1fr);}.kb-row-layout-id957_648fdf-48 > .kt-row-layout-overlay{opacity:0.30;}@media all and (max-width: 1024px){.kb-row-layout-id957_648fdf-48 > .kt-row-column-wrap{grid-template-columns:minmax(0, 1fr);}}@media all and (max-width: 767px){.kb-row-layout-id957_648fdf-48 > .kt-row-column-wrap{grid-template-columns:minmax(0, 1fr);}}<\/style><div class=\"kb-row-layout-wrap kb-row-layout-id957_648fdf-48 alignnone wp-block-kadence-rowlayout\"><div class=\"kt-row-column-wrap kt-has-1-columns kt-row-layout-equal kt-tab-layout-inherit kt-mobile-layout-row kt-row-valign-top kb-theme-content-width\">\n<style>.kadence-column957_2639a8-50 > .kt-inside-inner-col,.kadence-column957_2639a8-50 > .kt-inside-inner-col:before{border-top-left-radius:0px;border-top-right-radius:0px;border-bottom-right-radius:0px;border-bottom-left-radius:0px;}.kadence-column957_2639a8-50 > .kt-inside-inner-col{column-gap:var(--global-kb-gap-sm, 1rem);}.kadence-column957_2639a8-50 > .kt-inside-inner-col{flex-direction:column;}.kadence-column957_2639a8-50 > .kt-inside-inner-col > .aligncenter{width:100%;}.kadence-column957_2639a8-50 > .kt-inside-inner-col:before{opacity:0.3;}.kadence-column957_2639a8-50{position:relative;}@media all and (max-width: 1024px){.kadence-column957_2639a8-50 > .kt-inside-inner-col{flex-direction:column;justify-content:center;}}@media all and (max-width: 767px){.kadence-column957_2639a8-50 > .kt-inside-inner-col{flex-direction:column;justify-content:center;}}<\/style>\n<div class=\"wp-block-kadence-column kadence-column957_2639a8-50\"><div class=\"kt-inside-inner-col\">\n<h2 class=\"wp-block-heading has-text-align-center\">\u00bfEst\u00e1s haciendo una Construcci\u00f3n o Reforma y necesitas servicios de climatizaci\u00f3n?<\/h2>\n\n\n\n<p class=\"has-text-align-center\">Te presentamos nuestro servicio integral para construcciones y reformas para garantizar el ahorro en Calefacci\u00f3n, Aire Acondicionado o Agua Servicio \u00edntegro para Construcci\u00f3n y Reforma &#8211; Financiaci\u00f3n SIN intereses &#8211; Mantenimiento Personalizado<\/p>\n<\/div><\/div>\n\n<\/div><\/div>\n\n<style>.kb-row-layout-id957_b4e98b-4d > .kt-row-column-wrap{align-content:center;}:where(.kb-row-layout-id957_b4e98b-4d > .kt-row-column-wrap) > .wp-block-kadence-column{justify-content:center;}.kb-row-layout-id957_b4e98b-4d > .kt-row-column-wrap{column-gap:var(--global-kb-gap-none, 0rem );row-gap:var(--global-kb-gap-md, 2rem);max-width:var( --global-content-width, 1290px );padding-left:var(--global-content-edge-padding);padding-right:var(--global-content-edge-padding);padding-top:var(--global-kb-spacing-xxl, 5rem);padding-bottom:var(--global-kb-spacing-xxl, 5rem);min-height:600px;grid-template-columns:minmax(0, calc(60% - ((var(--global-kb-gap-none, 0rem ) * 1 )\/2)))minmax(0, calc(40% - ((var(--global-kb-gap-none, 0rem ) * 1 )\/2)));}.kb-row-layout-id957_b4e98b-4d{background-image:url('https:\/\/pujolclima.com\/wp-content\/uploads\/2024\/02\/aire-acondicionado.jpg');background-size:cover;background-position:61% 87%;background-attachment:scroll;background-repeat:no-repeat;}.kb-row-layout-id957_b4e98b-4d > .kt-row-layout-overlay{opacity:0.30;}@media all and (max-width: 1024px){.kb-row-layout-id957_b4e98b-4d > .kt-row-column-wrap{column-gap:var(--global-kb-gap-none, 0rem );grid-template-columns:minmax(0, 1fr);}}@media all and (max-width: 767px){.kb-row-layout-id957_b4e98b-4d > .kt-row-column-wrap{grid-template-columns:minmax(0, 1fr);}}<\/style><div class=\"kb-row-layout-wrap kb-row-layout-id957_b4e98b-4d alignfull kt-row-has-bg banner-footer wp-block-kadence-rowlayout\"><div class=\"kt-row-column-wrap kt-has-2-columns kt-row-layout-equal kt-tab-layout-row kt-mobile-layout-row kt-row-valign-middle kb-theme-content-width\">\n<style>.kadence-column957_cc8092-a7 > .kt-inside-inner-col{display:flex;}.kadence-column957_cc8092-a7 > .kt-inside-inner-col{padding-top:var(--global-kb-spacing-xl, 4rem);padding-right:var(--global-kb-spacing-xxl, 5rem);padding-bottom:var(--global-kb-spacing-xl, 4rem);padding-left:var(--global-kb-spacing-xxl, 5rem);}.kadence-column957_cc8092-a7 > .kt-inside-inner-col{border-top:2px solid var(--global-palette1, #3182CE);border-right:2px solid var(--global-palette1, #3182CE);border-bottom:2px solid var(--global-palette1, #3182CE);border-left:2px solid var(--global-palette1, #3182CE);}.kadence-column957_cc8092-a7 > .kt-inside-inner-col,.kadence-column957_cc8092-a7 > .kt-inside-inner-col:before{border-top-left-radius:15px;border-top-right-radius:15px;border-bottom-right-radius:15px;border-bottom-left-radius:15px;}.kadence-column957_cc8092-a7 > .kt-inside-inner-col{column-gap:var(--global-kb-gap-sm, 1rem);}.kadence-column957_cc8092-a7 > .kt-inside-inner-col{flex-direction:column;justify-content:flex-start;}.kadence-column957_cc8092-a7 > .kt-inside-inner-col > .aligncenter{width:100%;}.kt-row-column-wrap > .kadence-column957_cc8092-a7{align-self:flex-start;}.kt-inner-column-height-full:not(.kt-has-1-columns) > .wp-block-kadence-column.kadence-column957_cc8092-a7{align-self:auto;}.kt-inner-column-height-full:not(.kt-has-1-columns) > .wp-block-kadence-column.kadence-column957_cc8092-a7 > .kt-inside-inner-col{flex-direction:column;justify-content:flex-start;}.kadence-column957_cc8092-a7 > .kt-inside-inner-col{background-color:var(--global-palette9, #ffffff);}.kadence-column957_cc8092-a7 > .kt-inside-inner-col:before{opacity:0.3;}.kadence-column957_cc8092-a7{text-align:left;}.kadence-column957_cc8092-a7{position:relative;}@media all and (max-width: 1024px){.kadence-column957_cc8092-a7 > .kt-inside-inner-col{padding-top:var(--global-kb-spacing-lg, 3rem);padding-right:var(--global-kb-spacing-lg, 3rem);padding-bottom:var(--global-kb-spacing-lg, 3rem);padding-left:var(--global-kb-spacing-lg, 3rem);border-top:2px solid var(--global-palette1, #3182CE);border-right:2px solid var(--global-palette1, #3182CE);border-bottom:2px solid var(--global-palette1, #3182CE);border-left:2px solid var(--global-palette1, #3182CE);flex-direction:column;justify-content:flex-start;}}@media all and (max-width: 1024px){.kt-row-column-wrap > .kadence-column957_cc8092-a7{align-self:flex-start;}}@media all and (max-width: 1024px){.kt-inner-column-height-full:not(.kt-has-1-columns) > .wp-block-kadence-column.kadence-column957_cc8092-a7{align-self:auto;}}@media all and (max-width: 1024px){.kt-inner-column-height-full:not(.kt-has-1-columns) > .wp-block-kadence-column.kadence-column957_cc8092-a7 > .kt-inside-inner-col{flex-direction:column;justify-content:flex-start;}}@media all and (max-width: 767px){.kadence-column957_cc8092-a7 > .kt-inside-inner-col{padding-top:var(--global-kb-spacing-md, 2rem);padding-right:var(--global-kb-spacing-md, 2rem);padding-bottom:var(--global-kb-spacing-md, 2rem);padding-left:var(--global-kb-spacing-md, 2rem);border-top:2px solid var(--global-palette1, #3182CE);border-right:2px solid var(--global-palette1, #3182CE);border-bottom:2px solid var(--global-palette1, #3182CE);border-left:2px solid var(--global-palette1, #3182CE);flex-direction:column;justify-content:flex-start;}.kt-row-column-wrap > .kadence-column957_cc8092-a7{align-self:flex-start;}.kt-inner-column-height-full:not(.kt-has-1-columns) > .wp-block-kadence-column.kadence-column957_cc8092-a7{align-self:auto;}.kt-inner-column-height-full:not(.kt-has-1-columns) > .wp-block-kadence-column.kadence-column957_cc8092-a7 > .kt-inside-inner-col{flex-direction:column;justify-content:flex-start;}}<\/style>\n<div class=\"wp-block-kadence-column kadence-column957_cc8092-a7 kb-section-dir-vertical inner-column-1\"><div class=\"kt-inside-inner-col\"><style>.wp-block-kadence-advancedheading.kt-adv-heading957_109897-b7, .wp-block-kadence-advancedheading.kt-adv-heading957_109897-b7[data-kb-block=\"kb-adv-heading957_109897-b7\"]{font-size:var(--global-kb-font-size-lg, 2rem);line-height:1.2;font-style:normal;}.wp-block-kadence-advancedheading.kt-adv-heading957_109897-b7 mark.kt-highlight, .wp-block-kadence-advancedheading.kt-adv-heading957_109897-b7[data-kb-block=\"kb-adv-heading957_109897-b7\"] mark.kt-highlight{font-style:normal;color:#f76a0c;-webkit-box-decoration-break:clone;box-decoration-break:clone;padding-top:0px;padding-right:0px;padding-bottom:0px;padding-left:0px;}.wp-block-kadence-advancedheading.kt-adv-heading957_109897-b7 img.kb-inline-image, .wp-block-kadence-advancedheading.kt-adv-heading957_109897-b7[data-kb-block=\"kb-adv-heading957_109897-b7\"] img.kb-inline-image{width:150px;vertical-align:baseline;}<\/style>\n<h2 class=\"kt-adv-heading957_109897-b7 wp-block-kadence-advancedheading\" data-kb-block=\"kb-adv-heading957_109897-b7\">Recibe tu presupuesto sin compromiso<\/h2>\n\n\n<style>.wp-block-kadence-advancedheading.kt-adv-heading957_659249-2e, .wp-block-kadence-advancedheading.kt-adv-heading957_659249-2e[data-kb-block=\"kb-adv-heading957_659249-2e\"]{margin-bottom:var(--global-kb-spacing-sm, 1.5rem);font-style:normal;}.wp-block-kadence-advancedheading.kt-adv-heading957_659249-2e mark.kt-highlight, .wp-block-kadence-advancedheading.kt-adv-heading957_659249-2e[data-kb-block=\"kb-adv-heading957_659249-2e\"] mark.kt-highlight{font-style:normal;color:#f76a0c;-webkit-box-decoration-break:clone;box-decoration-break:clone;padding-top:0px;padding-right:0px;padding-bottom:0px;padding-left:0px;}.wp-block-kadence-advancedheading.kt-adv-heading957_659249-2e img.kb-inline-image, .wp-block-kadence-advancedheading.kt-adv-heading957_659249-2e[data-kb-block=\"kb-adv-heading957_659249-2e\"] img.kb-inline-image{width:150px;vertical-align:baseline;}<\/style>\n<p class=\"kt-adv-heading957_659249-2e wp-block-kadence-advancedheading has-theme-palette-3-color has-text-color\" data-kb-block=\"kb-adv-heading957_659249-2e\">Rellena el siguiente formulario para recibir tu presupuesto sin compromiso.<\/p>\n\n\n<style>.wp-block-kadence-advancedbtn.kb-btns957_1bed04-2d{gap:var(--global-kb-gap-xs, 0.5rem );justify-content:flex-start;align-items:center;}.kt-btns957_1bed04-2d .kt-button{font-weight:normal;font-style:normal;}<\/style>\n<div class=\"wp-block-kadence-advancedbtn kb-buttons-wrap kb-btns957_1bed04-2d\"><style>.wp-block-kadence-advancedbtn .kb-btn957_486ad0-04.kb-button, ul.menu .wp-block-kadence-advancedbtn .kb-btn957_486ad0-04.kb-button{width:220px;}.wp-block-kadence-advancedbtn .kb-btn957_486ad0-04.kb-button{color:var(--global-palette9, #ffffff);background:var(--global-palette1, #3182CE);text-transform:uppercase;border-top-left-radius:50px;border-top-right-radius:50px;border-bottom-right-radius:50px;border-bottom-left-radius:50px;border-top:2px solid var(--global-palette1, #3182CE);border-right:2px solid var(--global-palette1, #3182CE);border-bottom:2px solid var(--global-palette1, #3182CE);border-left:2px solid var(--global-palette1, #3182CE);}.wp-block-kadence-advancedbtn .kb-btn957_486ad0-04.kb-button:hover, .wp-block-kadence-advancedbtn .kb-btn957_486ad0-04.kb-button:focus{color:var(--global-palette1, #3182CE);background:var(--global-palette9, #ffffff);}@media all and (max-width: 1024px){.wp-block-kadence-advancedbtn .kb-btn957_486ad0-04.kb-button{border-top:2px solid var(--global-palette1, #3182CE);border-right:2px solid var(--global-palette1, #3182CE);border-bottom:2px solid var(--global-palette1, #3182CE);border-left:2px solid var(--global-palette1, #3182CE);}}@media all and (max-width: 767px){.wp-block-kadence-advancedbtn .kb-btn957_486ad0-04.kb-button{border-top:2px solid var(--global-palette1, #3182CE);border-right:2px solid var(--global-palette1, #3182CE);border-bottom:2px solid var(--global-palette1, #3182CE);border-left:2px solid var(--global-palette1, #3182CE);}}<\/style><a class=\"kb-button kt-button button kb-btn957_486ad0-04 kt-btn-size-standard kt-btn-width-type-fixed kb-btn-global-inherit  kt-btn-has-text-true kt-btn-has-svg-false  wp-block-button__link wp-block-kadence-singlebtn\" href=\"https:\/\/pujolclima.com\/contacto\/\"><span class=\"kt-btn-inner-text\">Contactar<\/span><\/a><\/div>\n<\/div><\/div>\n\n\n<style>.kadence-column957_4ca7ab-90 > .kt-inside-inner-col{padding-top:0px;padding-right:0px;padding-bottom:0px;padding-left:0px;}.kadence-column957_4ca7ab-90 > .kt-inside-inner-col,.kadence-column957_4ca7ab-90 > .kt-inside-inner-col:before{border-top-left-radius:0px;border-top-right-radius:0px;border-bottom-right-radius:0px;border-bottom-left-radius:0px;}.kadence-column957_4ca7ab-90 > .kt-inside-inner-col{column-gap:var(--global-kb-gap-sm, 1rem);}.kadence-column957_4ca7ab-90 > .kt-inside-inner-col{flex-direction:column;}.kadence-column957_4ca7ab-90 > .kt-inside-inner-col > .aligncenter{width:100%;}.kadence-column957_4ca7ab-90 > .kt-inside-inner-col:before{opacity:0.3;}.kadence-column957_4ca7ab-90{position:relative;}@media all and (max-width: 1024px){.kadence-column957_4ca7ab-90 > .kt-inside-inner-col{padding-top:0px;padding-right:0px;padding-bottom:0px;padding-left:0px;flex-direction:column;justify-content:center;}}@media all and (max-width: 767px){.kadence-column957_4ca7ab-90 > .kt-inside-inner-col{padding-top:0px;padding-right:0px;padding-bottom:0px;padding-left:0px;flex-direction:column;justify-content:center;}}<\/style>\n<div class=\"wp-block-kadence-column kadence-column957_4ca7ab-90 kvs-lg-false kvs-md-false kvs-sm-false inner-column-2\"><div class=\"kt-inside-inner-col\"><\/div><\/div>\n\n<\/div><\/div>","protected":false},"excerpt":{"rendered":"<p>\u00bf Est\u00e0s fent una Construcci\u00f3 o Reforma i necessites serveis de climatitzaci\u00f3? Et presentem el nostre servei integral per a construccions i reformes per garantir l&#039;estalvi en Calefacci\u00f3, Aire Condicionat o Aigua<\/p>","protected":false},"author":2,"featured_media":0,"parent":0,"menu_order":84,"comment_status":"closed","ping_status":"closed","template":"","meta":{"_kad_blocks_custom_css":"","_kad_blocks_head_custom_js":"","_kad_blocks_body_custom_js":"","_kad_blocks_footer_custom_js":"","_kadence_starter_templates_imported_post":false,"_kad_post_transparent":"","_kad_post_title":"hide","_kad_post_layout":"fullwidth","_kad_post_sidebar_id":"","_kad_post_content_style":"unboxed","_kad_post_vertical_padding":"","_kad_post_feature":"","_kad_post_feature_position":"","_kad_post_header":false,"_kad_post_footer":false,"_joinchat":[],"footnotes":""},"class_list":["post-957","page","type-page","status-publish","hentry"],"aioseo_notices":[],"taxonomy_info":[],"featured_image_src_large":false,"author_info":{"display_name":"soporte","author_link":"https:\/\/pujolclima.com\/ca\/author\/soporte\/"},"comment_info":0,"_links":{"self":[{"href":"https:\/\/pujolclima.com\/ca\/wp-json\/wp\/v2\/pages\/957","targetHints":{"allow":["GET"]}}],"collection":[{"href":"https:\/\/pujolclima.com\/ca\/wp-json\/wp\/v2\/pages"}],"about":[{"href":"https:\/\/pujolclima.com\/ca\/wp-json\/wp\/v2\/types\/page"}],"author":[{"embeddable":true,"href":"https:\/\/pujolclima.com\/ca\/wp-json\/wp\/v2\/users\/2"}],"replies":[{"embeddable":true,"href":"https:\/\/pujolclima.com\/ca\/wp-json\/wp\/v2\/comments?post=957"}],"version-history":[{"count":0,"href":"https:\/\/pujolclima.com\/ca\/wp-json\/wp\/v2\/pages\/957\/revisions"}],"wp:attachment":[{"href":"https:\/\/pujolclima.com\/ca\/wp-json\/wp\/v2\/media?parent=957"}],"curies":[{"name":"wp","href":"https:\/\/api.w.org\/{rel}","templated":true}]}}