{"id":5914,"date":"2026-02-25T18:47:04","date_gmt":"2026-02-25T17:47:04","guid":{"rendered":"https:\/\/pujolclima.com\/?page_id=5914"},"modified":"2026-02-25T18:52:48","modified_gmt":"2026-02-25T17:52:48","slug":"calculadora-ahorro","status":"publish","type":"page","link":"https:\/\/pujolclima.com\/en\/calculadora-ahorro\/","title":{"rendered":"Calculadora Ahorro"},"content":{"rendered":"<h2 class=\"wp-block-heading\">C\u00e1lculo de Ahorro<\/h2>\n\n\n\n<h3 class=\"wp-block-heading\">Introduzca sus datos para calcular su potencial de ahorro<\/h3>\n\n\n\n<p>Por favor, ingrese los detalles relevantes en los campos a continuaci\u00f3n para obtener una estimaci\u00f3n precisa de sus ahorros potenciales. Este c\u00e1lculo le permitir\u00e1 planificar mejor sus finanzas y tomar decisiones informadas sobre sus gastos futuros.<\/p>","protected":false},"excerpt":{"rendered":"<p>C\u00e1lculo de Ahorro Introduzca sus datos para calcular su potencial de ahorro Por favor, ingrese los detalles relevantes en los campos a continuaci\u00f3n para obtener una estimaci\u00f3n precisa de sus ahorros potenciales. Este c\u00e1lculo le permitir\u00e1 planificar mejor sus finanzas y tomar decisiones informadas sobre sus gastos futuros.<\/p>","protected":false},"author":8,"featured_media":0,"parent":0,"menu_order":0,"comment_status":"closed","ping_status":"closed","template":"","meta":{"_kad_blocks_custom_css":"","_kad_blocks_head_custom_js":"","_kad_blocks_body_custom_js":"","_kad_blocks_footer_custom_js":"","_kadence_starter_templates_imported_post":false,"_kad_post_transparent":"","_kad_post_title":"","_kad_post_layout":"","_kad_post_sidebar_id":"","_kad_post_content_style":"","_kad_post_vertical_padding":"","_kad_post_feature":"","_kad_post_feature_position":"","_kad_post_header":true,"_kad_post_footer":true,"_joinchat":[],"footnotes":""},"class_list":["post-5914","page","type-page","status-publish","hentry"],"aioseo_notices":[],"taxonomy_info":[],"featured_image_src_large":false,"author_info":{"display_name":"marketing@impactalia.com","author_link":"https:\/\/pujolclima.com\/en\/author\/marketingimpactalia-com\/"},"comment_info":0,"_links":{"self":[{"href":"https:\/\/pujolclima.com\/en\/wp-json\/wp\/v2\/pages\/5914","targetHints":{"allow":["GET"]}}],"collection":[{"href":"https:\/\/pujolclima.com\/en\/wp-json\/wp\/v2\/pages"}],"about":[{"href":"https:\/\/pujolclima.com\/en\/wp-json\/wp\/v2\/types\/page"}],"author":[{"embeddable":true,"href":"https:\/\/pujolclima.com\/en\/wp-json\/wp\/v2\/users\/8"}],"replies":[{"embeddable":true,"href":"https:\/\/pujolclima.com\/en\/wp-json\/wp\/v2\/comments?post=5914"}],"version-history":[{"count":3,"href":"https:\/\/pujolclima.com\/en\/wp-json\/wp\/v2\/pages\/5914\/revisions"}],"predecessor-version":[{"id":5918,"href":"https:\/\/pujolclima.com\/en\/wp-json\/wp\/v2\/pages\/5914\/revisions\/5918"}],"wp:attachment":[{"href":"https:\/\/pujolclima.com\/en\/wp-json\/wp\/v2\/media?parent=5914"}],"curies":[{"name":"wp","href":"https:\/\/api.w.org\/{rel}","templated":true}]}}