{"id":938,"date":"2017-03-07T11:20:43","date_gmt":"2017-03-07T11:20:43","guid":{"rendered":"http:\/\/ecloudagency.com\/?page_id=938"},"modified":"2026-01-24T11:55:20","modified_gmt":"2026-01-24T10:55:20","slug":"particulares","status":"publish","type":"page","link":"https:\/\/pujolclima.com\/en\/particulares\/","title":{"rendered":"Individuals"},"content":{"rendered":"<style>.kb-row-layout-id938_4b76cf-9f > .kt-row-column-wrap{align-content:start;}:where(.kb-row-layout-id938_4b76cf-9f > .kt-row-column-wrap) > .wp-block-kadence-column{justify-content:start;}.kb-row-layout-id938_4b76cf-9f > .kt-row-column-wrap{column-gap:var(--global-kb-gap-md, 2rem);row-gap:var(--global-kb-gap-md, 2rem);max-width:var( --global-content-width, 1290px );padding-left:var(--global-content-edge-padding);padding-right:var(--global-content-edge-padding);padding-top:var(--global-kb-spacing-xxl, 5rem);padding-bottom:var(--global-kb-spacing-xxl, 5rem);grid-template-columns:minmax(0, 1fr);}.kb-row-layout-id938_4b76cf-9f > .kt-row-layout-overlay{opacity:0.30;}@media all and (max-width: 1024px){.kb-row-layout-id938_4b76cf-9f > .kt-row-column-wrap{grid-template-columns:minmax(0, 1fr);}}@media all and (max-width: 767px){.kb-row-layout-id938_4b76cf-9f > .kt-row-column-wrap{grid-template-columns:minmax(0, 1fr);}}<\/style><div class=\"kb-row-layout-wrap kb-row-layout-id938_4b76cf-9f alignnone wp-block-kadence-rowlayout\"><div class=\"kt-row-column-wrap kt-has-1-columns kt-row-layout-equal kt-tab-layout-inherit kt-mobile-layout-row kt-row-valign-top kb-theme-content-width\">\n<style>.kadence-column938_562366-c3 > .kt-inside-inner-col,.kadence-column938_562366-c3 > .kt-inside-inner-col:before{border-top-left-radius:0px;border-top-right-radius:0px;border-bottom-right-radius:0px;border-bottom-left-radius:0px;}.kadence-column938_562366-c3 > .kt-inside-inner-col{column-gap:var(--global-kb-gap-sm, 1rem);}.kadence-column938_562366-c3 > .kt-inside-inner-col{flex-direction:column;}.kadence-column938_562366-c3 > .kt-inside-inner-col > .aligncenter{width:100%;}.kadence-column938_562366-c3 > .kt-inside-inner-col:before{opacity:0.3;}.kadence-column938_562366-c3{position:relative;}@media all and (max-width: 1024px){.kadence-column938_562366-c3 > .kt-inside-inner-col{flex-direction:column;justify-content:center;}}@media all and (max-width: 767px){.kadence-column938_562366-c3 > .kt-inside-inner-col{flex-direction:column;justify-content:center;}}<\/style>\n<div class=\"wp-block-kadence-column kadence-column938_562366-c3\"><div class=\"kt-inside-inner-col\">\n<h2 class=\"wp-block-heading has-text-align-center\">Te presentamos el servicio m\u00e1s completo para hogares para ahorrar en tu recibo de Calefacci\u00f3n, Aire Acondicionado o Agua<\/h2>\n\n\n\n<p class=\"has-text-align-center\">Assesoramiento t\u00e9cnico para el ahorro &#8211; Financiaci\u00f3n SIN intereses &#8211; Asistencia t\u00e9cnica y Mantenimiento<\/p>\n<\/div><\/div>\n\n<\/div><\/div>\n\n<style>.kb-row-layout-id938_9a6794-f6 > .kt-row-column-wrap{align-content:center;}:where(.kb-row-layout-id938_9a6794-f6 > .kt-row-column-wrap) > .wp-block-kadence-column{justify-content:center;}.kb-row-layout-id938_9a6794-f6 > .kt-row-column-wrap{column-gap:var(--global-kb-gap-none, 0rem );row-gap:var(--global-kb-gap-md, 2rem);max-width:var( --global-content-width, 1290px );padding-left:var(--global-content-edge-padding);padding-right:var(--global-content-edge-padding);padding-top:var(--global-kb-spacing-xxl, 5rem);padding-bottom:var(--global-kb-spacing-xxl, 5rem);min-height:600px;grid-template-columns:minmax(0, calc(60% - ((var(--global-kb-gap-none, 0rem ) * 1 )\/2)))minmax(0, calc(40% - ((var(--global-kb-gap-none, 0rem ) * 1 )\/2)));}.kb-row-layout-id938_9a6794-f6{background-image:url('https:\/\/pujolclima.com\/wp-content\/uploads\/2024\/02\/aire-acondicionado.jpg');background-size:cover;background-position:61% 87%;background-attachment:scroll;background-repeat:no-repeat;}.kb-row-layout-id938_9a6794-f6 > .kt-row-layout-overlay{opacity:0.30;}@media all and (max-width: 1024px){.kb-row-layout-id938_9a6794-f6 > .kt-row-column-wrap{column-gap:var(--global-kb-gap-none, 0rem );grid-template-columns:minmax(0, 1fr);}}@media all and (max-width: 767px){.kb-row-layout-id938_9a6794-f6 > .kt-row-column-wrap{grid-template-columns:minmax(0, 1fr);}}<\/style><div class=\"kb-row-layout-wrap kb-row-layout-id938_9a6794-f6 alignfull kt-row-has-bg banner-footer wp-block-kadence-rowlayout\"><div class=\"kt-row-column-wrap kt-has-2-columns kt-row-layout-equal kt-tab-layout-row kt-mobile-layout-row kt-row-valign-middle kb-theme-content-width\">\n<style>.kadence-column938_f9f094-82 > .kt-inside-inner-col{display:flex;}.kadence-column938_f9f094-82 > .kt-inside-inner-col{padding-top:var(--global-kb-spacing-xl, 4rem);padding-right:var(--global-kb-spacing-xxl, 5rem);padding-bottom:var(--global-kb-spacing-xl, 4rem);padding-left:var(--global-kb-spacing-xxl, 5rem);}.kadence-column938_f9f094-82 > .kt-inside-inner-col{border-top:2px solid var(--global-palette1, #3182CE);border-right:2px solid var(--global-palette1, #3182CE);border-bottom:2px solid var(--global-palette1, #3182CE);border-left:2px solid var(--global-palette1, #3182CE);}.kadence-column938_f9f094-82 > .kt-inside-inner-col,.kadence-column938_f9f094-82 > .kt-inside-inner-col:before{border-top-left-radius:15px;border-top-right-radius:15px;border-bottom-right-radius:15px;border-bottom-left-radius:15px;}.kadence-column938_f9f094-82 > .kt-inside-inner-col{column-gap:var(--global-kb-gap-sm, 1rem);}.kadence-column938_f9f094-82 > .kt-inside-inner-col{flex-direction:column;justify-content:flex-start;}.kadence-column938_f9f094-82 > .kt-inside-inner-col > .aligncenter{width:100%;}.kt-row-column-wrap > .kadence-column938_f9f094-82{align-self:flex-start;}.kt-inner-column-height-full:not(.kt-has-1-columns) > .wp-block-kadence-column.kadence-column938_f9f094-82{align-self:auto;}.kt-inner-column-height-full:not(.kt-has-1-columns) > .wp-block-kadence-column.kadence-column938_f9f094-82 > .kt-inside-inner-col{flex-direction:column;justify-content:flex-start;}.kadence-column938_f9f094-82 > .kt-inside-inner-col{background-color:var(--global-palette9, #ffffff);}.kadence-column938_f9f094-82 > .kt-inside-inner-col:before{opacity:0.3;}.kadence-column938_f9f094-82{text-align:left;}.kadence-column938_f9f094-82{position:relative;}@media all and (max-width: 1024px){.kadence-column938_f9f094-82 > .kt-inside-inner-col{padding-top:var(--global-kb-spacing-lg, 3rem);padding-right:var(--global-kb-spacing-lg, 3rem);padding-bottom:var(--global-kb-spacing-lg, 3rem);padding-left:var(--global-kb-spacing-lg, 3rem);border-top:2px solid var(--global-palette1, #3182CE);border-right:2px solid var(--global-palette1, #3182CE);border-bottom:2px solid var(--global-palette1, #3182CE);border-left:2px solid var(--global-palette1, #3182CE);flex-direction:column;justify-content:flex-start;}}@media all and (max-width: 1024px){.kt-row-column-wrap > .kadence-column938_f9f094-82{align-self:flex-start;}}@media all and (max-width: 1024px){.kt-inner-column-height-full:not(.kt-has-1-columns) > .wp-block-kadence-column.kadence-column938_f9f094-82{align-self:auto;}}@media all and (max-width: 1024px){.kt-inner-column-height-full:not(.kt-has-1-columns) > .wp-block-kadence-column.kadence-column938_f9f094-82 > .kt-inside-inner-col{flex-direction:column;justify-content:flex-start;}}@media all and (max-width: 767px){.kadence-column938_f9f094-82 > .kt-inside-inner-col{padding-top:var(--global-kb-spacing-md, 2rem);padding-right:var(--global-kb-spacing-md, 2rem);padding-bottom:var(--global-kb-spacing-md, 2rem);padding-left:var(--global-kb-spacing-md, 2rem);border-top:2px solid var(--global-palette1, #3182CE);border-right:2px solid var(--global-palette1, #3182CE);border-bottom:2px solid var(--global-palette1, #3182CE);border-left:2px solid var(--global-palette1, #3182CE);flex-direction:column;justify-content:flex-start;}.kt-row-column-wrap > .kadence-column938_f9f094-82{align-self:flex-start;}.kt-inner-column-height-full:not(.kt-has-1-columns) > .wp-block-kadence-column.kadence-column938_f9f094-82{align-self:auto;}.kt-inner-column-height-full:not(.kt-has-1-columns) > .wp-block-kadence-column.kadence-column938_f9f094-82 > .kt-inside-inner-col{flex-direction:column;justify-content:flex-start;}}<\/style>\n<div class=\"wp-block-kadence-column kadence-column938_f9f094-82 kb-section-dir-vertical inner-column-1\"><div class=\"kt-inside-inner-col\"><style>.wp-block-kadence-advancedheading.kt-adv-heading938_ba8076-31, .wp-block-kadence-advancedheading.kt-adv-heading938_ba8076-31[data-kb-block=\"kb-adv-heading938_ba8076-31\"]{font-size:var(--global-kb-font-size-lg, 2rem);line-height:1.2;font-style:normal;}.wp-block-kadence-advancedheading.kt-adv-heading938_ba8076-31 mark.kt-highlight, .wp-block-kadence-advancedheading.kt-adv-heading938_ba8076-31[data-kb-block=\"kb-adv-heading938_ba8076-31\"] mark.kt-highlight{font-style:normal;color:#f76a0c;-webkit-box-decoration-break:clone;box-decoration-break:clone;padding-top:0px;padding-right:0px;padding-bottom:0px;padding-left:0px;}.wp-block-kadence-advancedheading.kt-adv-heading938_ba8076-31 img.kb-inline-image, .wp-block-kadence-advancedheading.kt-adv-heading938_ba8076-31[data-kb-block=\"kb-adv-heading938_ba8076-31\"] img.kb-inline-image{width:150px;vertical-align:baseline;}<\/style>\n<h2 class=\"kt-adv-heading938_ba8076-31 wp-block-kadence-advancedheading\" data-kb-block=\"kb-adv-heading938_ba8076-31\">Recibe tu presupuesto sin compromiso<\/h2>\n\n\n<style>.wp-block-kadence-advancedheading.kt-adv-heading938_03b7df-4e, .wp-block-kadence-advancedheading.kt-adv-heading938_03b7df-4e[data-kb-block=\"kb-adv-heading938_03b7df-4e\"]{margin-bottom:var(--global-kb-spacing-sm, 1.5rem);font-style:normal;}.wp-block-kadence-advancedheading.kt-adv-heading938_03b7df-4e mark.kt-highlight, .wp-block-kadence-advancedheading.kt-adv-heading938_03b7df-4e[data-kb-block=\"kb-adv-heading938_03b7df-4e\"] mark.kt-highlight{font-style:normal;color:#f76a0c;-webkit-box-decoration-break:clone;box-decoration-break:clone;padding-top:0px;padding-right:0px;padding-bottom:0px;padding-left:0px;}.wp-block-kadence-advancedheading.kt-adv-heading938_03b7df-4e img.kb-inline-image, .wp-block-kadence-advancedheading.kt-adv-heading938_03b7df-4e[data-kb-block=\"kb-adv-heading938_03b7df-4e\"] img.kb-inline-image{width:150px;vertical-align:baseline;}<\/style>\n<p class=\"kt-adv-heading938_03b7df-4e wp-block-kadence-advancedheading has-theme-palette-3-color has-text-color\" data-kb-block=\"kb-adv-heading938_03b7df-4e\">Rellena el siguiente formulario para recibir tu presupuesto sin compromiso.<\/p>\n\n\n<style>.wp-block-kadence-advancedbtn.kb-btns938_d6e555-57{gap:var(--global-kb-gap-xs, 0.5rem );justify-content:flex-start;align-items:center;}.kt-btns938_d6e555-57 .kt-button{font-weight:normal;font-style:normal;}<\/style>\n<div class=\"wp-block-kadence-advancedbtn kb-buttons-wrap kb-btns938_d6e555-57\"><style>.wp-block-kadence-advancedbtn .kb-btn938_5eefae-5e.kb-button, ul.menu .wp-block-kadence-advancedbtn .kb-btn938_5eefae-5e.kb-button{width:220px;}.wp-block-kadence-advancedbtn .kb-btn938_5eefae-5e.kb-button{color:var(--global-palette9, #ffffff);background:var(--global-palette1, #3182CE);text-transform:uppercase;border-top-left-radius:50px;border-top-right-radius:50px;border-bottom-right-radius:50px;border-bottom-left-radius:50px;border-top:2px solid var(--global-palette1, #3182CE);border-right:2px solid var(--global-palette1, #3182CE);border-bottom:2px solid var(--global-palette1, #3182CE);border-left:2px solid var(--global-palette1, #3182CE);}.wp-block-kadence-advancedbtn .kb-btn938_5eefae-5e.kb-button:hover, .wp-block-kadence-advancedbtn .kb-btn938_5eefae-5e.kb-button:focus{color:var(--global-palette1, #3182CE);background:var(--global-palette9, #ffffff);}@media all and (max-width: 1024px){.wp-block-kadence-advancedbtn .kb-btn938_5eefae-5e.kb-button{border-top:2px solid var(--global-palette1, #3182CE);border-right:2px solid var(--global-palette1, #3182CE);border-bottom:2px solid var(--global-palette1, #3182CE);border-left:2px solid var(--global-palette1, #3182CE);}}@media all and (max-width: 767px){.wp-block-kadence-advancedbtn .kb-btn938_5eefae-5e.kb-button{border-top:2px solid var(--global-palette1, #3182CE);border-right:2px solid var(--global-palette1, #3182CE);border-bottom:2px solid var(--global-palette1, #3182CE);border-left:2px solid var(--global-palette1, #3182CE);}}<\/style><a class=\"kb-button kt-button button kb-btn938_5eefae-5e kt-btn-size-standard kt-btn-width-type-fixed kb-btn-global-inherit  kt-btn-has-text-true kt-btn-has-svg-false  wp-block-button__link wp-block-kadence-singlebtn\" href=\"https:\/\/pujolclima.com\/contacto\/\"><span class=\"kt-btn-inner-text\">Contactar<\/span><\/a><\/div>\n<\/div><\/div>\n\n\n<style>.kadence-column938_4865f7-ad > .kt-inside-inner-col{padding-top:0px;padding-right:0px;padding-bottom:0px;padding-left:0px;}.kadence-column938_4865f7-ad > .kt-inside-inner-col,.kadence-column938_4865f7-ad > .kt-inside-inner-col:before{border-top-left-radius:0px;border-top-right-radius:0px;border-bottom-right-radius:0px;border-bottom-left-radius:0px;}.kadence-column938_4865f7-ad > .kt-inside-inner-col{column-gap:var(--global-kb-gap-sm, 1rem);}.kadence-column938_4865f7-ad > .kt-inside-inner-col{flex-direction:column;}.kadence-column938_4865f7-ad > .kt-inside-inner-col > .aligncenter{width:100%;}.kadence-column938_4865f7-ad > .kt-inside-inner-col:before{opacity:0.3;}.kadence-column938_4865f7-ad{position:relative;}@media all and (max-width: 1024px){.kadence-column938_4865f7-ad > .kt-inside-inner-col{padding-top:0px;padding-right:0px;padding-bottom:0px;padding-left:0px;flex-direction:column;justify-content:center;}}@media all and (max-width: 767px){.kadence-column938_4865f7-ad > .kt-inside-inner-col{padding-top:0px;padding-right:0px;padding-bottom:0px;padding-left:0px;flex-direction:column;justify-content:center;}}<\/style>\n<div class=\"wp-block-kadence-column kadence-column938_4865f7-ad kvs-lg-false kvs-md-false kvs-sm-false inner-column-2\"><div class=\"kt-inside-inner-col\"><\/div><\/div>\n\n<\/div><\/div>","protected":false},"excerpt":{"rendered":"<p>We offer the most comprehensive service for homes to help you save on your heating, air conditioning, or water bills. Technical advice for savings \u2013 Interest-free financing \u2013 Technical assistance and maintenance. Receive your free quote. Fill out the following form to receive your free quote.<\/p>","protected":false},"author":2,"featured_media":0,"parent":0,"menu_order":83,"comment_status":"closed","ping_status":"closed","template":"","meta":{"_kad_blocks_custom_css":"","_kad_blocks_head_custom_js":"","_kad_blocks_body_custom_js":"","_kad_blocks_footer_custom_js":"","_kadence_starter_templates_imported_post":false,"_kad_post_transparent":"","_kad_post_title":"hide","_kad_post_layout":"fullwidth","_kad_post_sidebar_id":"","_kad_post_content_style":"unboxed","_kad_post_vertical_padding":"","_kad_post_feature":"","_kad_post_feature_position":"","_kad_post_header":false,"_kad_post_footer":false,"_joinchat":[],"footnotes":""},"class_list":["post-938","page","type-page","status-publish","hentry"],"aioseo_notices":[],"taxonomy_info":[],"featured_image_src_large":false,"author_info":{"display_name":"soporte","author_link":"https:\/\/pujolclima.com\/en\/author\/soporte\/"},"comment_info":0,"_links":{"self":[{"href":"https:\/\/pujolclima.com\/en\/wp-json\/wp\/v2\/pages\/938","targetHints":{"allow":["GET"]}}],"collection":[{"href":"https:\/\/pujolclima.com\/en\/wp-json\/wp\/v2\/pages"}],"about":[{"href":"https:\/\/pujolclima.com\/en\/wp-json\/wp\/v2\/types\/page"}],"author":[{"embeddable":true,"href":"https:\/\/pujolclima.com\/en\/wp-json\/wp\/v2\/users\/2"}],"replies":[{"embeddable":true,"href":"https:\/\/pujolclima.com\/en\/wp-json\/wp\/v2\/comments?post=938"}],"version-history":[{"count":1,"href":"https:\/\/pujolclima.com\/en\/wp-json\/wp\/v2\/pages\/938\/revisions"}],"predecessor-version":[{"id":5863,"href":"https:\/\/pujolclima.com\/en\/wp-json\/wp\/v2\/pages\/938\/revisions\/5863"}],"wp:attachment":[{"href":"https:\/\/pujolclima.com\/en\/wp-json\/wp\/v2\/media?parent=938"}],"curies":[{"name":"wp","href":"https:\/\/api.w.org\/{rel}","templated":true}]}}